{"id":160,"date":"2025-01-06T10:56:08","date_gmt":"2025-01-06T09:56:08","guid":{"rendered":"https:\/\/ecriresourire.wordpress.com\/?page_id=160"},"modified":"2025-11-17T15:56:43","modified_gmt":"2025-11-17T15:56:43","slug":"la-correction-laide-a-la-redaction","status":"publish","type":"page","link":"https:\/\/ecriresourire19.fr\/?page_id=160","title":{"rendered":"La correction &amp; l&rsquo;aide \u00e0 la r\u00e9daction"},"content":{"rendered":"\n<hr class=\"wp-block-separator has-alpha-channel-opacity\"\/>\n\n\n\n<div class=\"wp-block-group is-nowrap is-layout-flex wp-container-core-group-is-layout-1 wp-block-group-is-layout-flex\">\n<figure class=\"wp-block-image size-large is-resized wp-duotone-blue-orange\"><img loading=\"lazy\" decoding=\"async\" width=\"1688\" height=\"1051\" src=\"https:\/\/ecriresourire19.fr\/wp-content\/uploads\/2025\/01\/plumeinclinee-01.png?w=1024\" alt=\"\" class=\"wp-image-180\" style=\"width:56px;height:auto\" srcset=\"https:\/\/ecriresourire19.fr\/wp-content\/uploads\/2025\/01\/plumeinclinee-01.png 1688w, https:\/\/ecriresourire19.fr\/wp-content\/uploads\/2025\/01\/plumeinclinee-01-300x187.png 300w, https:\/\/ecriresourire19.fr\/wp-content\/uploads\/2025\/01\/plumeinclinee-01-1024x638.png 1024w, https:\/\/ecriresourire19.fr\/wp-content\/uploads\/2025\/01\/plumeinclinee-01-768x478.png 768w, https:\/\/ecriresourire19.fr\/wp-content\/uploads\/2025\/01\/plumeinclinee-01-1536x956.png 1536w\" sizes=\"auto, (max-width: 1688px) 100vw, 1688px\" \/><\/figure>\n\n\n\n<pre class=\"wp-block-preformatted has-kingthings-trypewriter-2-font-family has-large-font-size\">La correction<\/pre>\n<\/div>\n\n\n\n<p>Passionn\u00e9e des mots, je me suis form\u00e9e \u00e0 l&rsquo;\u00e9cole fran\u00e7aise de lecteur &#8211; correcteur, m\u00e9tier que j&rsquo;exerce principalement pour <a href=\"https:\/\/la-trousse-correzienne.org\/\">La Trousse corr\u00e9zienne<\/a>. L&rsquo;objectif de ce m\u00e9tier est de rendre un \u00e9crit publiable, n&rsquo;h\u00e9sitez-pas \u00e0 me confier vos travaux (de la simple lettre au roman).<\/p>\n\n\n\n<ul class=\"wp-block-list\">\n<li><strong>Pr\u00e9paration de copie : <\/strong><br><br>Il s&rsquo;agit de corriger l&rsquo;orthographe, la grammaire, la typographie, mais aussi v\u00e9rifier les informations, veiller \u00e0 la coh\u00e9rence et \u00e0 la clart\u00e9 du texte. <br><br>Tarif : 25\u20ac les 6000 \u00e0 8000 signes (espaces comprises)<br><br><\/li>\n\n\n\n<li><strong>Correction d&rsquo;\u00e9preuve (apr\u00e8s mise en page) :<br><\/strong><br>\u00c0 partir de votre \u00e9preuve d\u00e9j\u00e0 mise en page, j&rsquo;assure la correction de l&rsquo;orthographe, de la grammaire et de la typographie.<br><br>Tarif : 25\u20ac les 10 000 \u00e0 12 000 signes (espaces comprises)<\/li>\n<\/ul>\n\n\n\n<hr class=\"wp-block-separator has-alpha-channel-opacity\"\/>\n\n\n\n<div class=\"wp-block-group is-nowrap is-layout-flex wp-container-core-group-is-layout-2 wp-block-group-is-layout-flex\">\n<figure class=\"wp-block-image size-large is-resized wp-duotone-magenta-yellow\"><img loading=\"lazy\" decoding=\"async\" width=\"1688\" height=\"1051\" src=\"https:\/\/ecriresourire19.fr\/wp-content\/uploads\/2025\/01\/plumeinclinee-01.png?w=1024\" alt=\"\" class=\"wp-image-180\" style=\"width:56px;height:auto\" srcset=\"https:\/\/ecriresourire19.fr\/wp-content\/uploads\/2025\/01\/plumeinclinee-01.png 1688w, https:\/\/ecriresourire19.fr\/wp-content\/uploads\/2025\/01\/plumeinclinee-01-300x187.png 300w, https:\/\/ecriresourire19.fr\/wp-content\/uploads\/2025\/01\/plumeinclinee-01-1024x638.png 1024w, https:\/\/ecriresourire19.fr\/wp-content\/uploads\/2025\/01\/plumeinclinee-01-768x478.png 768w, https:\/\/ecriresourire19.fr\/wp-content\/uploads\/2025\/01\/plumeinclinee-01-1536x956.png 1536w\" sizes=\"auto, (max-width: 1688px) 100vw, 1688px\" \/><\/figure>\n\n\n\n<pre class=\"wp-block-preformatted has-kingthings-trypewriter-2-font-family has-large-font-size\">L'aide \u00e0 la r\u00e9daction<\/pre>\n<\/div>\n\n\n\n<p>Vous avez des choses \u00e0 dire mais vos id\u00e9es ne sont pas claires, vous avez des difficult\u00e9s \u00e0 trouver les bons mots. Je suis l\u00e0 pour vous aider, qu&rsquo;il s&rsquo;agisse d&rsquo;un \u00e9crit professionnel ou adress\u00e9 \u00e0 un proche.<\/p>\n\n\n\n<p>Nous travaillons le temps n\u00e9cessaire \u00e0 la r\u00e9daction de votre texte. <br><br>Tarif : 50\u20ac l&rsquo;entretien &amp; la r\u00e9daction (1h d&rsquo;entretien, 1h de r\u00e9daction) + 0,40\u20ac\/km (si d\u00e9placement)<\/p>\n\n\n\n<hr class=\"wp-block-separator has-alpha-channel-opacity\"\/>\n\n\n\n<div class=\"wp-block-group has-luminous-vivid-amber-background-color has-background has-global-padding is-layout-constrained wp-block-group-is-layout-constrained\">\n<div class=\"wp-block-group is-horizontal is-content-justification-center is-nowrap is-layout-flex wp-container-core-group-is-layout-3 wp-block-group-is-layout-flex\">\n<figure class=\"wp-block-image size-large is-resized is-style-default\"><img loading=\"lazy\" decoding=\"async\" width=\"1024\" height=\"638\" src=\"https:\/\/ecriresourire19.fr\/wp-content\/uploads\/2025\/01\/plumeinclinee-01-1024x638.png\" alt=\"\" class=\"wp-image-180\" style=\"box-shadow:none;width:73px;height:auto\" srcset=\"https:\/\/ecriresourire19.fr\/wp-content\/uploads\/2025\/01\/plumeinclinee-01-1024x638.png 1024w, https:\/\/ecriresourire19.fr\/wp-content\/uploads\/2025\/01\/plumeinclinee-01-300x187.png 300w, https:\/\/ecriresourire19.fr\/wp-content\/uploads\/2025\/01\/plumeinclinee-01-768x478.png 768w, https:\/\/ecriresourire19.fr\/wp-content\/uploads\/2025\/01\/plumeinclinee-01-1536x956.png 1536w, https:\/\/ecriresourire19.fr\/wp-content\/uploads\/2025\/01\/plumeinclinee-01.png 1688w\" sizes=\"auto, (max-width: 1024px) 100vw, 1024px\" \/><\/figure>\n\n\n\n<p class=\"has-text-align-center has-luminous-vivid-amber-background-color has-background has-kingthings-trypewriter-2-font-family\" style=\"margin-top:0px;margin-right:0px;margin-bottom:0px;margin-left:0px;padding-top:5px;padding-right:5px;padding-bottom:5px;padding-left:5px\"><strong>Premier rendez-vous de 30 minutes &#8211; GRATUIT<\/strong>.<\/p>\n<\/div>\n\n\n\n<p class=\"has-text-align-center has-luminous-vivid-amber-background-color has-background has-kingthings-trypewriter-2-font-family\" style=\"margin-top:0px;margin-right:0px;margin-bottom:0px;margin-left:0px;padding-top:5px;padding-right:5px;padding-bottom:5px;padding-left:5px\">Demande de rendez-vous &amp; devis <strong>PAR MAIL<\/strong> : <strong>ecriresourire19[at]ilico.org<\/strong><\/p>\n<\/div>\n","protected":false},"excerpt":{"rendered":"<p>La correction Passionn\u00e9e des mots, je me suis form\u00e9e \u00e0 l&rsquo;\u00e9cole fran\u00e7aise de lecteur &#8211; correcteur, m\u00e9tier que j&rsquo;exerce principalement pour La Trousse corr\u00e9zienne. L&rsquo;objectif de ce m\u00e9tier est de rendre un \u00e9crit publiable, n&rsquo;h\u00e9sitez-pas \u00e0 me confier vos travaux (de la simple lettre au roman). L&rsquo;aide \u00e0 la r\u00e9daction Vous avez des choses \u00e0 [&hellip;]<\/p>\n","protected":false},"author":2,"featured_media":0,"parent":0,"menu_order":0,"comment_status":"closed","ping_status":"closed","template":"","meta":{"footnotes":""},"class_list":["post-160","page","type-page","status-publish","hentry"],"_links":{"self":[{"href":"https:\/\/ecriresourire19.fr\/index.php?rest_route=\/wp\/v2\/pages\/160","targetHints":{"allow":["GET"]}}],"collection":[{"href":"https:\/\/ecriresourire19.fr\/index.php?rest_route=\/wp\/v2\/pages"}],"about":[{"href":"https:\/\/ecriresourire19.fr\/index.php?rest_route=\/wp\/v2\/types\/page"}],"author":[{"embeddable":true,"href":"https:\/\/ecriresourire19.fr\/index.php?rest_route=\/wp\/v2\/users\/2"}],"replies":[{"embeddable":true,"href":"https:\/\/ecriresourire19.fr\/index.php?rest_route=%2Fwp%2Fv2%2Fcomments&post=160"}],"version-history":[{"count":4,"href":"https:\/\/ecriresourire19.fr\/index.php?rest_route=\/wp\/v2\/pages\/160\/revisions"}],"predecessor-version":[{"id":580,"href":"https:\/\/ecriresourire19.fr\/index.php?rest_route=\/wp\/v2\/pages\/160\/revisions\/580"}],"wp:attachment":[{"href":"https:\/\/ecriresourire19.fr\/index.php?rest_route=%2Fwp%2Fv2%2Fmedia&parent=160"}],"curies":[{"name":"wp","href":"https:\/\/api.w.org\/{rel}","templated":true}]}}