{"id":165,"date":"2025-01-06T10:56:41","date_gmt":"2025-01-06T09:56:41","guid":{"rendered":"https:\/\/ecriresourire.wordpress.com\/?page_id=165"},"modified":"2025-05-27T12:33:44","modified_gmt":"2025-05-27T12:33:44","slug":"les-hommages","status":"publish","type":"page","link":"https:\/\/ecriresourire19.fr\/?page_id=165","title":{"rendered":"Les hommages"},"content":{"rendered":"\n<hr class=\"wp-block-separator has-alpha-channel-opacity\"\/>\n\n\n\n<p>Parce que dire au revoir est souvent compliqu\u00e9, que l&rsquo;on n&rsquo;a gu\u00e8re le temps de se poser, pris dans les tourments administratifs qu&rsquo;impliquent un d\u00e9c\u00e8s ; je propose de venir vous \u00e9couter parler de votre d\u00e9funt afin de r\u00e9diger un discours qui lui ressemble et exprime ce que vous ressentez.<\/p>\n\n\n\n<div class=\"wp-block-group is-nowrap is-layout-flex wp-container-core-group-is-layout-1 wp-block-group-is-layout-flex\">\n<figure class=\"wp-block-image size-large is-resized wp-duotone-blue-orange\"><img loading=\"lazy\" decoding=\"async\" width=\"1688\" height=\"1051\" src=\"https:\/\/ecriresourire19.fr\/wp-content\/uploads\/2025\/01\/plumeinclinee-01.png?w=1024\" alt=\"\" class=\"wp-image-180\" style=\"width:61px;height:auto\" srcset=\"https:\/\/ecriresourire19.fr\/wp-content\/uploads\/2025\/01\/plumeinclinee-01.png 1688w, https:\/\/ecriresourire19.fr\/wp-content\/uploads\/2025\/01\/plumeinclinee-01-300x187.png 300w, https:\/\/ecriresourire19.fr\/wp-content\/uploads\/2025\/01\/plumeinclinee-01-1024x638.png 1024w, https:\/\/ecriresourire19.fr\/wp-content\/uploads\/2025\/01\/plumeinclinee-01-768x478.png 768w, https:\/\/ecriresourire19.fr\/wp-content\/uploads\/2025\/01\/plumeinclinee-01-1536x956.png 1536w\" sizes=\"auto, (max-width: 1688px) 100vw, 1688px\" \/><\/figure>\n\n\n\n<pre class=\"wp-block-preformatted has-kingthings-trypewriter-2-font-family\">EXEMPLES D'HOMMAGES<\/pre>\n<\/div>\n\n\n\n<div class=\"wp-block-group is-layout-grid wp-container-core-group-is-layout-2 wp-block-group-is-layout-grid\">\n<figure class=\"wp-block-image size-large has-custom-border wp-duotone-unset-1\"><a href=\"https:\/\/ecriresourire19.fr\/wp-content\/uploads\/2025\/01\/hommage-gaby.jpg\" target=\"_blank\" rel=\" noreferrer noopener\"><img loading=\"lazy\" decoding=\"async\" width=\"1191\" height=\"1685\" src=\"https:\/\/ecriresourire19.fr\/wp-content\/uploads\/2025\/01\/hommage-gaby.jpg?w=724\" alt=\"\" class=\"wp-image-205\" style=\"border-style:none;border-width:0px;border-radius:19px;box-shadow:12px 12px 50px rgba(0, 0, 0, 0.4)\" srcset=\"https:\/\/ecriresourire19.fr\/wp-content\/uploads\/2025\/01\/hommage-gaby.jpg 1191w, https:\/\/ecriresourire19.fr\/wp-content\/uploads\/2025\/01\/hommage-gaby-212x300.jpg 212w, https:\/\/ecriresourire19.fr\/wp-content\/uploads\/2025\/01\/hommage-gaby-724x1024.jpg 724w, https:\/\/ecriresourire19.fr\/wp-content\/uploads\/2025\/01\/hommage-gaby-768x1087.jpg 768w, https:\/\/ecriresourire19.fr\/wp-content\/uploads\/2025\/01\/hommage-gaby-1086x1536.jpg 1086w\" sizes=\"auto, (max-width: 1191px) 100vw, 1191px\" \/><\/a><figcaption class=\"wp-element-caption\"><a href=\"https:\/\/ecriresourire19.fr\/wp-content\/uploads\/2025\/01\/hommage-gaby.jpg\" target=\"_blank\" rel=\"noreferrer noopener\"><mark style=\"background-color:#fcb900\" class=\"has-inline-color\">Hommage Gaby<\/mark><\/a><br><em>Texte command\u00e9 par la famille<\/em><\/figcaption><\/figure>\n\n\n\n<figure class=\"wp-block-image size-large has-custom-border\"><a href=\"https:\/\/ecriresourire19.fr\/wp-content\/uploads\/2025\/01\/hommage-chantal.jpg\" target=\"_blank\" rel=\" noreferrer noopener\"><img loading=\"lazy\" decoding=\"async\" width=\"1192\" height=\"1685\" src=\"https:\/\/ecriresourire19.fr\/wp-content\/uploads\/2025\/01\/hommage-chantal.jpg?w=724\" alt=\"\" class=\"wp-image-204\" style=\"border-radius:18px;box-shadow:12px 12px 50px rgba(0, 0, 0, 0.4)\" srcset=\"https:\/\/ecriresourire19.fr\/wp-content\/uploads\/2025\/01\/hommage-chantal.jpg 1192w, https:\/\/ecriresourire19.fr\/wp-content\/uploads\/2025\/01\/hommage-chantal-212x300.jpg 212w, https:\/\/ecriresourire19.fr\/wp-content\/uploads\/2025\/01\/hommage-chantal-724x1024.jpg 724w, https:\/\/ecriresourire19.fr\/wp-content\/uploads\/2025\/01\/hommage-chantal-768x1086.jpg 768w, https:\/\/ecriresourire19.fr\/wp-content\/uploads\/2025\/01\/hommage-chantal-1087x1536.jpg 1087w\" sizes=\"auto, (max-width: 1192px) 100vw, 1192px\" \/><\/a><figcaption class=\"wp-element-caption\"><a href=\"https:\/\/ecriresourire19.fr\/wp-content\/uploads\/2025\/01\/hommage-chantal.jpg\" target=\"_blank\" rel=\"noreferrer noopener\"><mark style=\"background-color:#f78da7\" class=\"has-inline-color\">Hommage Chantal<\/mark><\/a><br><em>Texte \u00e9crit pour une proche<\/em><\/figcaption><\/figure>\n<\/div>\n\n\n\n<div class=\"wp-block-group is-layout-grid wp-container-core-group-is-layout-3 wp-block-group-is-layout-grid\">\n<figure class=\"wp-block-image size-large has-custom-border\"><a href=\"https:\/\/ecriresourire19.fr\/wp-content\/uploads\/2025\/01\/hommage-mamie.jpg\" target=\"_blank\" rel=\" noreferrer noopener\"><img loading=\"lazy\" decoding=\"async\" width=\"1191\" height=\"1685\" src=\"https:\/\/ecriresourire19.fr\/wp-content\/uploads\/2025\/01\/hommage-mamie.jpg?w=724\" alt=\"\" class=\"wp-image-206\" style=\"border-radius:19px;box-shadow:12px 12px 50px rgba(0, 0, 0, 0.4)\" srcset=\"https:\/\/ecriresourire19.fr\/wp-content\/uploads\/2025\/01\/hommage-mamie.jpg 1191w, https:\/\/ecriresourire19.fr\/wp-content\/uploads\/2025\/01\/hommage-mamie-212x300.jpg 212w, https:\/\/ecriresourire19.fr\/wp-content\/uploads\/2025\/01\/hommage-mamie-724x1024.jpg 724w, https:\/\/ecriresourire19.fr\/wp-content\/uploads\/2025\/01\/hommage-mamie-768x1087.jpg 768w, https:\/\/ecriresourire19.fr\/wp-content\/uploads\/2025\/01\/hommage-mamie-1086x1536.jpg 1086w\" sizes=\"auto, (max-width: 1191px) 100vw, 1191px\" \/><\/a><figcaption class=\"wp-element-caption\"><a href=\"https:\/\/ecriresourire19.fr\/wp-content\/uploads\/2025\/01\/hommage-mamie.jpg\" target=\"_blank\" rel=\"noreferrer noopener\"><mark style=\"background-color:#7bdcb5\" class=\"has-inline-color\">Hommage Mamie<\/mark><\/a><br><em>Texte \u00e9crit pour ma grand-m\u00e8re<\/em><\/figcaption><\/figure>\n\n\n\n<figure class=\"wp-block-image size-large has-custom-border\"><a href=\"https:\/\/ecriresourire19.fr\/wp-content\/uploads\/2025\/01\/texte-leon.jpg\" target=\"_blank\" rel=\" noreferrer noopener\"><img loading=\"lazy\" decoding=\"async\" width=\"1192\" height=\"1685\" src=\"https:\/\/ecriresourire19.fr\/wp-content\/uploads\/2025\/01\/texte-leon.jpg?w=724\" alt=\"\" class=\"wp-image-403\" style=\"border-radius:19px;box-shadow:12px 12px 50px rgba(0, 0, 0, 0.4)\" srcset=\"https:\/\/ecriresourire19.fr\/wp-content\/uploads\/2025\/01\/texte-leon.jpg 1192w, https:\/\/ecriresourire19.fr\/wp-content\/uploads\/2025\/01\/texte-leon-212x300.jpg 212w, https:\/\/ecriresourire19.fr\/wp-content\/uploads\/2025\/01\/texte-leon-724x1024.jpg 724w, https:\/\/ecriresourire19.fr\/wp-content\/uploads\/2025\/01\/texte-leon-768x1086.jpg 768w, https:\/\/ecriresourire19.fr\/wp-content\/uploads\/2025\/01\/texte-leon-1087x1536.jpg 1087w\" sizes=\"auto, (max-width: 1192px) 100vw, 1192px\" \/><\/a><figcaption class=\"wp-element-caption\"><mark style=\"background-color:#cf2e2e\" class=\"has-inline-color\"><a href=\"https:\/\/ecriresourire19.fr\/wp-content\/uploads\/2025\/01\/texte-leon.jpg\" target=\"_blank\" rel=\"noreferrer noopener\">Hommage L\u00e9on<\/a><\/mark><br><em>Texte command\u00e9 par ses petits-enfants<\/em><\/figcaption><\/figure>\n<\/div>\n\n\n\n<p class=\"has-kingthings-trypewriter-2-font-family\">Tarifs <\/p>\n\n\n\n<p>200 \u00e0 250\u20ac selon la longueur du texte (comprenant 1h \u00e0 2h de recueil de paroles aupr\u00e8s de vous).<\/p>\n\n\n\n<hr class=\"wp-block-separator has-alpha-channel-opacity\"\/>\n\n\n\n<div class=\"wp-block-group has-luminous-vivid-amber-background-color has-background has-global-padding is-layout-constrained wp-block-group-is-layout-constrained\">\n<div class=\"wp-block-group is-horizontal is-content-justification-center is-nowrap is-layout-flex wp-container-core-group-is-layout-4 wp-block-group-is-layout-flex\">\n<figure class=\"wp-block-image size-large is-resized is-style-default\"><img loading=\"lazy\" decoding=\"async\" width=\"1024\" height=\"638\" src=\"https:\/\/ecriresourire19.fr\/wp-content\/uploads\/2025\/01\/plumeinclinee-01-1024x638.png\" alt=\"\" class=\"wp-image-180\" style=\"box-shadow:none;width:73px;height:auto\" srcset=\"https:\/\/ecriresourire19.fr\/wp-content\/uploads\/2025\/01\/plumeinclinee-01-1024x638.png 1024w, https:\/\/ecriresourire19.fr\/wp-content\/uploads\/2025\/01\/plumeinclinee-01-300x187.png 300w, https:\/\/ecriresourire19.fr\/wp-content\/uploads\/2025\/01\/plumeinclinee-01-768x478.png 768w, https:\/\/ecriresourire19.fr\/wp-content\/uploads\/2025\/01\/plumeinclinee-01-1536x956.png 1536w, https:\/\/ecriresourire19.fr\/wp-content\/uploads\/2025\/01\/plumeinclinee-01.png 1688w\" sizes=\"auto, (max-width: 1024px) 100vw, 1024px\" \/><\/figure>\n\n\n\n<p class=\"has-text-align-center has-luminous-vivid-amber-background-color has-background has-kingthings-trypewriter-2-font-family\" style=\"margin-top:0px;margin-right:0px;margin-bottom:0px;margin-left:0px;padding-top:5px;padding-right:5px;padding-bottom:5px;padding-left:5px\">Demande de rendez-vous &amp; devis <strong>PAR MAIL<\/strong> : <strong>ecriresourire19[at]ilico.org<\/strong><\/p>\n<\/div>\n<\/div>\n","protected":false},"excerpt":{"rendered":"<p>Parce que dire au revoir est souvent compliqu\u00e9, que l&rsquo;on n&rsquo;a gu\u00e8re le temps de se poser, pris dans les tourments administratifs qu&rsquo;impliquent un d\u00e9c\u00e8s ; je propose de venir vous \u00e9couter parler de votre d\u00e9funt afin de r\u00e9diger un discours qui lui ressemble et exprime ce que vous ressentez. EXEMPLES D&rsquo;HOMMAGES Tarifs 200 \u00e0 [&hellip;]<\/p>\n","protected":false},"author":2,"featured_media":0,"parent":0,"menu_order":0,"comment_status":"closed","ping_status":"closed","template":"","meta":{"footnotes":""},"class_list":["post-165","page","type-page","status-publish","hentry"],"_links":{"self":[{"href":"https:\/\/ecriresourire19.fr\/index.php?rest_route=\/wp\/v2\/pages\/165","targetHints":{"allow":["GET"]}}],"collection":[{"href":"https:\/\/ecriresourire19.fr\/index.php?rest_route=\/wp\/v2\/pages"}],"about":[{"href":"https:\/\/ecriresourire19.fr\/index.php?rest_route=\/wp\/v2\/types\/page"}],"author":[{"embeddable":true,"href":"https:\/\/ecriresourire19.fr\/index.php?rest_route=\/wp\/v2\/users\/2"}],"replies":[{"embeddable":true,"href":"https:\/\/ecriresourire19.fr\/index.php?rest_route=%2Fwp%2Fv2%2Fcomments&post=165"}],"version-history":[{"count":7,"href":"https:\/\/ecriresourire19.fr\/index.php?rest_route=\/wp\/v2\/pages\/165\/revisions"}],"predecessor-version":[{"id":538,"href":"https:\/\/ecriresourire19.fr\/index.php?rest_route=\/wp\/v2\/pages\/165\/revisions\/538"}],"wp:attachment":[{"href":"https:\/\/ecriresourire19.fr\/index.php?rest_route=%2Fwp%2Fv2%2Fmedia&parent=165"}],"curies":[{"name":"wp","href":"https:\/\/api.w.org\/{rel}","templated":true}]}}