{"id":556,"date":"2025-11-17T15:02:43","date_gmt":"2025-11-17T15:02:43","guid":{"rendered":"https:\/\/ecriresourire19.fr\/?page_id=556"},"modified":"2025-11-17T15:02:43","modified_gmt":"2025-11-17T15:02:43","slug":"mentions-legales","status":"publish","type":"page","link":"https:\/\/ecriresourire19.fr\/?page_id=556","title":{"rendered":"Mentions l\u00e9gales"},"content":{"rendered":"\n<hr class=\"wp-block-separator has-alpha-channel-opacity\"\/>\n\n\n\n<ul class=\"wp-block-list\">\n<li>Circ\u00e9 PIEDECOCQ &#8211; EI &#8211; 20 rue Albert Neyrat &#8211; 19150 ESPAGNAC <\/li>\n\n\n\n<li>SIRET : 94 27 72 87 2000 19<\/li>\n\n\n\n<li>Code APE : 9609Z Autres services personnels N.C.A<\/li>\n\n\n\n<li><strong>Entreprise non assujettie \u00e0 la TVA<\/strong>, article 293 B du CGI<\/li>\n\n\n\n<li><a href=\"https:\/\/entreprendre.service-public.gouv.fr\/vosdroits\/F35934\" target=\"_blank\" rel=\"noreferrer noopener\">Num\u00e9ro d&rsquo;immatriculation<\/a>&nbsp;au&nbsp;RCS<\/li>\n\n\n\n<li>ecriresourire19[at]ilico.org \/ 07 71 16 96 98<\/li>\n\n\n\n<li>Identit\u00e9 de&nbsp;l&rsquo;h\u00e9bergeur&nbsp;du site&nbsp;: MEDICATION TIME \/ Route de St Salvadour \/ 19450 CHAMBOULIVE<\/li>\n<\/ul>\n\n\n\n<h2 class=\"wp-block-heading\"><strong>. Propri\u00e9t\u00e9 intellectuelle<\/strong><\/h2>\n\n\n\n<p>L\u2019ensemble du contenu du site (textes, images, graphismes, logo, vid\u00e9os, etc.) est prot\u00e9g\u00e9 par le droit d\u2019auteur et la propri\u00e9t\u00e9 intellectuelle.<br>Toute reproduction, distribution ou utilisation sans autorisation \u00e9crite est strictement interdite.<\/p>\n\n\n\n<h2 class=\"wp-block-heading\"><strong>. Protection des donn\u00e9es personnelles<\/strong><\/h2>\n\n\n\n<p>Conform\u00e9ment au R\u00e8glement G\u00e9n\u00e9ral sur la Protection des Donn\u00e9es (RGPD) et \u00e0 la loi Informatique et Libert\u00e9s :<\/p>\n\n\n\n<ul class=\"wp-block-list\">\n<li>Le responsable du traitement des donn\u00e9es est :<strong> Circ\u00e9 PIEDECOCQ<\/strong><\/li>\n\n\n\n<li>Les donn\u00e9es collect\u00e9es sont : Aucunes donn\u00e9es collect\u00e9es \/ Aucune donn\u00e9e n&rsquo;est c\u00e9d\u00e9e \u00e0 des tiers.<\/li>\n<\/ul>\n\n\n\n<p><strong>Droits des utilisateurs :<\/strong><br>Vous disposez d\u2019un droit d\u2019acc\u00e8s, de rectification, d\u2019opposition, d\u2019effacement et de portabilit\u00e9 de vos donn\u00e9es, que vous pouvez exercer par e-mail \u00e0 : ecriresourire19[at]ilico.org<\/p>\n\n\n\n<h2 class=\"wp-block-heading\"><strong>. Conditions d\u2019utilisation<\/strong><\/h2>\n\n\n\n<p>L\u2019utilisation du pr\u00e9sent site implique l\u2019acceptation pleine et enti\u00e8re des conditions g\u00e9n\u00e9rales d\u2019utilisation. L\u2019\u00e9diteur se r\u00e9serve le droit de modifier ces conditions \u00e0 tout moment.<\/p>\n\n\n\n<h2 class=\"wp-block-heading\"><strong>. Responsabilit\u00e9<\/strong><\/h2>\n\n\n\n<p>L\u2019\u00e9diteur met tout en \u0153uvre pour fournir des informations fiables, mais ne saurait \u00eatre tenu responsable des erreurs, omissions ou indisponibilit\u00e9s du service.<br>L\u2019utilisateur est seul responsable de son \u00e9quipement informatique et de son acc\u00e8s Internet.<\/p>\n\n\n\n<h2 class=\"wp-block-heading\"><strong>. Liens hypertextes<\/strong><\/h2>\n\n\n\n<p>Le site peut contenir des liens vers d\u2019autres sites. L\u2019\u00e9diteur n\u2019est pas responsable du contenu de ces sites externes.<\/p>\n\n\n\n<h2 class=\"wp-block-heading\"><strong>. Vente<\/strong><\/h2>\n\n\n\n<p>Si tu proposes des prestations ou produits :<\/p>\n\n\n\n<ul class=\"wp-block-list\">\n<li>Les prix sont indiqu\u00e9s en euros, hors TVA (article 293 B du CGI).<\/li>\n<\/ul>\n","protected":false},"excerpt":{"rendered":"<p>. Propri\u00e9t\u00e9 intellectuelle L\u2019ensemble du contenu du site (textes, images, graphismes, logo, vid\u00e9os, etc.) est prot\u00e9g\u00e9 par le droit d\u2019auteur et la propri\u00e9t\u00e9 intellectuelle.Toute reproduction, distribution ou utilisation sans autorisation \u00e9crite est strictement interdite. . Protection des donn\u00e9es personnelles Conform\u00e9ment au R\u00e8glement G\u00e9n\u00e9ral sur la Protection des Donn\u00e9es (RGPD) et \u00e0 la loi Informatique et [&hellip;]<\/p>\n","protected":false},"author":2,"featured_media":0,"parent":0,"menu_order":0,"comment_status":"closed","ping_status":"closed","template":"","meta":{"footnotes":""},"class_list":["post-556","page","type-page","status-publish","hentry"],"_links":{"self":[{"href":"https:\/\/ecriresourire19.fr\/index.php?rest_route=\/wp\/v2\/pages\/556","targetHints":{"allow":["GET"]}}],"collection":[{"href":"https:\/\/ecriresourire19.fr\/index.php?rest_route=\/wp\/v2\/pages"}],"about":[{"href":"https:\/\/ecriresourire19.fr\/index.php?rest_route=\/wp\/v2\/types\/page"}],"author":[{"embeddable":true,"href":"https:\/\/ecriresourire19.fr\/index.php?rest_route=\/wp\/v2\/users\/2"}],"replies":[{"embeddable":true,"href":"https:\/\/ecriresourire19.fr\/index.php?rest_route=%2Fwp%2Fv2%2Fcomments&post=556"}],"version-history":[{"count":1,"href":"https:\/\/ecriresourire19.fr\/index.php?rest_route=\/wp\/v2\/pages\/556\/revisions"}],"predecessor-version":[{"id":558,"href":"https:\/\/ecriresourire19.fr\/index.php?rest_route=\/wp\/v2\/pages\/556\/revisions\/558"}],"wp:attachment":[{"href":"https:\/\/ecriresourire19.fr\/index.php?rest_route=%2Fwp%2Fv2%2Fmedia&parent=556"}],"curies":[{"name":"wp","href":"https:\/\/api.w.org\/{rel}","templated":true}]}}